{"id":178,"date":"2025-12-05T05:30:33","date_gmt":"2025-12-05T04:30:33","guid":{"rendered":"https:\/\/anatoleetrosalie.com\/?post_type=product&#038;p=178"},"modified":"2025-12-13T13:10:10","modified_gmt":"2025-12-13T12:10:10","slug":"le-rituel-bien-etre-mensuel-chien-chat","status":"publish","type":"product","link":"https:\/\/anatoleetrosalie.com\/?product=le-rituel-bien-etre-mensuel-chien-chat","title":{"rendered":"\u2b50 Le Rituel Bien-\u00catre Mensuel \u2013 Chien &#038; Chat"},"content":{"rendered":"<p>Le Rituel Bien-\u00catre Mensuel est une box pens\u00e9e pour accompagner le bien-\u00eatre de votre chien ou de votre chat, mois apr\u00e8s mois.<\/p>\n<p>Chaque box contient une s\u00e9lection de produits naturels et utiles :<br \/>\n\u2022 des friandises naturelles,<br \/>\n\u2022 un produit de soin ou de bien-\u00eatre,<br \/>\n\u2022 et selon la formule choisie, un compl\u00e9ment adapt\u00e9 aux besoins de votre animal.<\/p>\n<p>La s\u00e9lection est r\u00e9alis\u00e9e en fonction du profil de votre compagnon (chien ou chat, taille, besoins sp\u00e9cifiques), afin de proposer une exp\u00e9rience simple, personnalis\u00e9e et rassurante.<\/p>\n<p>Un abonnement id\u00e9al pour prendre soin de son animal au quotidien, sans avoir \u00e0 y penser chaque mois.<\/p>\n","protected":false},"excerpt":{"rendered":"<p>Une box mensuelle personnalis\u00e9e pour accompagner le bien-\u00eatre de votre chien ou de votre chat. Friandises, soins et produits naturels s\u00e9lectionn\u00e9s avec soin.<\/p>\n","protected":false},"featured_media":189,"comment_status":"open","ping_status":"closed","template":"","meta":{"site-sidebar-layout":"default","site-content-layout":"","ast-site-content-layout":"default","site-content-style":"default","site-sidebar-style":"default","ast-global-header-display":"","ast-banner-title-visibility":"","ast-main-header-display":"","ast-hfb-above-header-display":"","ast-hfb-below-header-display":"","ast-hfb-mobile-header-display":"","site-post-title":"","ast-breadcrumbs-content":"","ast-featured-img":"","footer-sml-layout":"","theme-transparent-header-meta":"default","adv-header-id-meta":"","stick-header-meta":"","header-above-stick-meta":"","header-main-stick-meta":"","header-below-stick-meta":"","astra-migrate-meta-layouts":"set","ast-page-background-enabled":"default","ast-page-background-meta":{"desktop":{"background-color":"var(--ast-global-color-5)","background-image":"","background-repeat":"repeat","background-position":"center center","background-size":"auto","background-attachment":"scroll","background-type":"","background-media":"","overlay-type":"","overlay-color":"","overlay-opacity":"","overlay-gradient":""},"tablet":{"background-color":"","background-image":"","background-repeat":"repeat","background-position":"center center","background-size":"auto","background-attachment":"scroll","background-type":"","background-media":"","overlay-type":"","overlay-color":"","overlay-opacity":"","overlay-gradient":""},"mobile":{"background-color":"","background-image":"","background-repeat":"repeat","background-position":"center center","background-size":"auto","background-attachment":"scroll","background-type":"","background-media":"","overlay-type":"","overlay-color":"","overlay-opacity":"","overlay-gradient":""}},"ast-content-background-meta":{"desktop":{"background-color":"var(--ast-global-color-4)","background-image":"","background-repeat":"repeat","background-position":"center center","background-size":"auto","background-attachment":"scroll","background-type":"","background-media":"","overlay-type":"","overlay-color":"","overlay-opacity":"","overlay-gradient":""},"tablet":{"background-color":"var(--ast-global-color-4)","background-image":"","background-repeat":"repeat","background-position":"center center","background-size":"auto","background-attachment":"scroll","background-type":"","background-media":"","overlay-type":"","overlay-color":"","overlay-opacity":"","overlay-gradient":""},"mobile":{"background-color":"var(--ast-global-color-4)","background-image":"","background-repeat":"repeat","background-position":"center center","background-size":"auto","background-attachment":"scroll","background-type":"","background-media":"","overlay-type":"","overlay-color":"","overlay-opacity":"","overlay-gradient":""}}},"product_brand":[],"product_cat":[17,16,78,49],"product_tag":[100,103,102,101,104],"class_list":{"0":"post-178","1":"product","2":"type-product","3":"status-publish","4":"has-post-thumbnail","6":"product_cat-chat","7":"product_cat-chien","8":"product_cat-sante-bien-etre-chat","9":"product_cat-sante-bien-etre-chien","10":"product_tag-abonnement","11":"product_tag-bien-etre-animal","12":"product_tag-box-chat","13":"product_tag-box-chien","14":"product_tag-rituel","15":"desktop-align-left","16":"tablet-align-left","17":"mobile-align-left","19":"first","20":"instock","21":"taxable","22":"shipping-taxable","23":"purchasable","24":"product-type-simple"},"jetpack_sharing_enabled":true,"_links":{"self":[{"href":"https:\/\/anatoleetrosalie.com\/index.php?rest_route=\/wp\/v2\/product\/178","targetHints":{"allow":["GET"]}}],"collection":[{"href":"https:\/\/anatoleetrosalie.com\/index.php?rest_route=\/wp\/v2\/product"}],"about":[{"href":"https:\/\/anatoleetrosalie.com\/index.php?rest_route=\/wp\/v2\/types\/product"}],"replies":[{"embeddable":true,"href":"https:\/\/anatoleetrosalie.com\/index.php?rest_route=%2Fwp%2Fv2%2Fcomments&post=178"}],"wp:featuredmedia":[{"embeddable":true,"href":"https:\/\/anatoleetrosalie.com\/index.php?rest_route=\/wp\/v2\/media\/189"}],"wp:attachment":[{"href":"https:\/\/anatoleetrosalie.com\/index.php?rest_route=%2Fwp%2Fv2%2Fmedia&parent=178"}],"wp:term":[{"taxonomy":"product_brand","embeddable":true,"href":"https:\/\/anatoleetrosalie.com\/index.php?rest_route=%2Fwp%2Fv2%2Fproduct_brand&post=178"},{"taxonomy":"product_cat","embeddable":true,"href":"https:\/\/anatoleetrosalie.com\/index.php?rest_route=%2Fwp%2Fv2%2Fproduct_cat&post=178"},{"taxonomy":"product_tag","embeddable":true,"href":"https:\/\/anatoleetrosalie.com\/index.php?rest_route=%2Fwp%2Fv2%2Fproduct_tag&post=178"}],"curies":[{"name":"wp","href":"https:\/\/api.w.org\/{rel}","templated":true}]}}