{"id":174,"date":"2025-12-05T05:17:39","date_gmt":"2025-12-05T04:17:39","guid":{"rendered":"https:\/\/anatoleetrosalie.com\/?post_type=product&#038;p=174"},"modified":"2025-12-13T13:31:45","modified_gmt":"2025-12-13T12:31:45","slug":"complement-naturel-peau-pelage-chien-et-chat","status":"publish","type":"product","link":"https:\/\/anatoleetrosalie.com\/?product=complement-naturel-peau-pelage-chien-et-chat","title":{"rendered":"Compl\u00e9ment naturel peau &#038; pelage \u2013 Chien et chat"},"content":{"rendered":"<p>Un compl\u00e9ment naturel pour prendre soin de la peau et du pelage de votre compagnon.<\/p>\n<p>Ce compl\u00e9ment peau &amp; pelage accompagne chiens et chats au quotidien pour contribuer \u00e0 un poil brillant et une peau saine. Sa formule est pens\u00e9e pour soutenir l\u2019\u00e9quilibre cutan\u00e9, limiter la s\u00e9cheresse et favoriser un pelage doux et soyeux.<\/p>\n<p>Facile \u00e0 administrer, il s\u2019int\u00e8gre simplement \u00e0 l\u2019alimentation quotidienne et convient aussi bien aux chiens qu\u2019aux chats.<\/p>\n","protected":false},"excerpt":{"rendered":"<p>Compl\u00e9ment naturel pour soutenir la peau et le pelage des chiens et chats. Id\u00e9al pour un poil brillant et une peau confortable au quotidien.<\/p>\n","protected":false},"featured_media":175,"comment_status":"open","ping_status":"closed","template":"","meta":{"site-sidebar-layout":"default","site-content-layout":"","ast-site-content-layout":"default","site-content-style":"default","site-sidebar-style":"default","ast-global-header-display":"","ast-banner-title-visibility":"","ast-main-header-display":"","ast-hfb-above-header-display":"","ast-hfb-below-header-display":"","ast-hfb-mobile-header-display":"","site-post-title":"","ast-breadcrumbs-content":"","ast-featured-img":"","footer-sml-layout":"","theme-transparent-header-meta":"default","adv-header-id-meta":"","stick-header-meta":"","header-above-stick-meta":"","header-main-stick-meta":"","header-below-stick-meta":"","astra-migrate-meta-layouts":"set","ast-page-background-enabled":"default","ast-page-background-meta":{"desktop":{"background-color":"var(--ast-global-color-5)","background-image":"","background-repeat":"repeat","background-position":"center center","background-size":"auto","background-attachment":"scroll","background-type":"","background-media":"","overlay-type":"","overlay-color":"","overlay-opacity":"","overlay-gradient":""},"tablet":{"background-color":"","background-image":"","background-repeat":"repeat","background-position":"center center","background-size":"auto","background-attachment":"scroll","background-type":"","background-media":"","overlay-type":"","overlay-color":"","overlay-opacity":"","overlay-gradient":""},"mobile":{"background-color":"","background-image":"","background-repeat":"repeat","background-position":"center center","background-size":"auto","background-attachment":"scroll","background-type":"","background-media":"","overlay-type":"","overlay-color":"","overlay-opacity":"","overlay-gradient":""}},"ast-content-background-meta":{"desktop":{"background-color":"var(--ast-global-color-4)","background-image":"","background-repeat":"repeat","background-position":"center center","background-size":"auto","background-attachment":"scroll","background-type":"","background-media":"","overlay-type":"","overlay-color":"","overlay-opacity":"","overlay-gradient":""},"tablet":{"background-color":"var(--ast-global-color-4)","background-image":"","background-repeat":"repeat","background-position":"center center","background-size":"auto","background-attachment":"scroll","background-type":"","background-media":"","overlay-type":"","overlay-color":"","overlay-opacity":"","overlay-gradient":""},"mobile":{"background-color":"var(--ast-global-color-4)","background-image":"","background-repeat":"repeat","background-position":"center center","background-size":"auto","background-attachment":"scroll","background-type":"","background-media":"","overlay-type":"","overlay-color":"","overlay-opacity":"","overlay-gradient":""}}},"product_brand":[],"product_cat":[16,92,93,105],"product_tag":[86,90,83,94,95,96],"class_list":{"0":"post-174","1":"product","2":"type-product","3":"status-publish","4":"has-post-thumbnail","6":"product_cat-chien","7":"product_cat-complements-bien-etre","8":"product_cat-complements-bien-etre-sante-bien-etre-chien","9":"product_cat-produits-phares","10":"product_tag-bien-etre","11":"product_tag-chat","12":"product_tag-chien","13":"product_tag-complement-alimentaire","14":"product_tag-peau","15":"product_tag-pelage","16":"desktop-align-left","17":"tablet-align-left","18":"mobile-align-left","20":"first","21":"instock","22":"taxable","23":"shipping-taxable","24":"purchasable","25":"product-type-simple"},"jetpack_sharing_enabled":true,"_links":{"self":[{"href":"https:\/\/anatoleetrosalie.com\/index.php?rest_route=\/wp\/v2\/product\/174","targetHints":{"allow":["GET"]}}],"collection":[{"href":"https:\/\/anatoleetrosalie.com\/index.php?rest_route=\/wp\/v2\/product"}],"about":[{"href":"https:\/\/anatoleetrosalie.com\/index.php?rest_route=\/wp\/v2\/types\/product"}],"replies":[{"embeddable":true,"href":"https:\/\/anatoleetrosalie.com\/index.php?rest_route=%2Fwp%2Fv2%2Fcomments&post=174"}],"wp:featuredmedia":[{"embeddable":true,"href":"https:\/\/anatoleetrosalie.com\/index.php?rest_route=\/wp\/v2\/media\/175"}],"wp:attachment":[{"href":"https:\/\/anatoleetrosalie.com\/index.php?rest_route=%2Fwp%2Fv2%2Fmedia&parent=174"}],"wp:term":[{"taxonomy":"product_brand","embeddable":true,"href":"https:\/\/anatoleetrosalie.com\/index.php?rest_route=%2Fwp%2Fv2%2Fproduct_brand&post=174"},{"taxonomy":"product_cat","embeddable":true,"href":"https:\/\/anatoleetrosalie.com\/index.php?rest_route=%2Fwp%2Fv2%2Fproduct_cat&post=174"},{"taxonomy":"product_tag","embeddable":true,"href":"https:\/\/anatoleetrosalie.com\/index.php?rest_route=%2Fwp%2Fv2%2Fproduct_tag&post=174"}],"curies":[{"name":"wp","href":"https:\/\/api.w.org\/{rel}","templated":true}]}}