{"id":172,"date":"2025-12-04T20:21:15","date_gmt":"2025-12-04T19:21:15","guid":{"rendered":"https:\/\/anatoleetrosalie.com\/?post_type=product&#038;p=172"},"modified":"2025-12-13T13:32:17","modified_gmt":"2025-12-13T12:32:17","slug":"friandises-naturelles-au-poulet-ou-au-poisson-chat","status":"publish","type":"product","link":"https:\/\/anatoleetrosalie.com\/?product=friandises-naturelles-au-poulet-ou-au-poisson-chat","title":{"rendered":"Friandises naturelles au poulet ou au poisson \u2013 Chat"},"content":{"rendered":"<p>Des friandises naturelles sp\u00e9cialement pens\u00e9es pour le plaisir et le bien-\u00eatre de votre chat.<\/p>\n<p>\u00c9labor\u00e9es \u00e0 partir de poulet ou de poisson, ces friandises offrent une texture app\u00e9tente et des ingr\u00e9dients simples, sans additifs inutiles. Elles sont id\u00e9ales pour renforcer la complicit\u00e9 avec votre chat tout en respectant ses besoins nutritionnels.<\/p>\n<p>Adapt\u00e9es aux chats adultes, elles conviennent parfaitement pour les r\u00e9compenses du quotidien ou les petits moments plaisir.<\/p>\n","protected":false},"excerpt":{"rendered":"<p>Friandises naturelles au poulet ou au poisson, sp\u00e9cialement adapt\u00e9es aux chats. App\u00e9tentes, simples et sans additifs artificiels.<\/p>\n","protected":false},"featured_media":173,"comment_status":"open","ping_status":"closed","template":"","meta":{"site-sidebar-layout":"default","site-content-layout":"","ast-site-content-layout":"default","site-content-style":"default","site-sidebar-style":"default","ast-global-header-display":"","ast-banner-title-visibility":"","ast-main-header-display":"","ast-hfb-above-header-display":"","ast-hfb-below-header-display":"","ast-hfb-mobile-header-display":"","site-post-title":"","ast-breadcrumbs-content":"","ast-featured-img":"","footer-sml-layout":"","theme-transparent-header-meta":"default","adv-header-id-meta":"","stick-header-meta":"","header-above-stick-meta":"","header-main-stick-meta":"","header-below-stick-meta":"","astra-migrate-meta-layouts":"set","ast-page-background-enabled":"default","ast-page-background-meta":{"desktop":{"background-color":"var(--ast-global-color-5)","background-image":"","background-repeat":"repeat","background-position":"center center","background-size":"auto","background-attachment":"scroll","background-type":"","background-media":"","overlay-type":"","overlay-color":"","overlay-opacity":"","overlay-gradient":""},"tablet":{"background-color":"","background-image":"","background-repeat":"repeat","background-position":"center center","background-size":"auto","background-attachment":"scroll","background-type":"","background-media":"","overlay-type":"","overlay-color":"","overlay-opacity":"","overlay-gradient":""},"mobile":{"background-color":"","background-image":"","background-repeat":"repeat","background-position":"center center","background-size":"auto","background-attachment":"scroll","background-type":"","background-media":"","overlay-type":"","overlay-color":"","overlay-opacity":"","overlay-gradient":""}},"ast-content-background-meta":{"desktop":{"background-color":"var(--ast-global-color-4)","background-image":"","background-repeat":"repeat","background-position":"center center","background-size":"auto","background-attachment":"scroll","background-type":"","background-media":"","overlay-type":"","overlay-color":"","overlay-opacity":"","overlay-gradient":""},"tablet":{"background-color":"var(--ast-global-color-4)","background-image":"","background-repeat":"repeat","background-position":"center center","background-size":"auto","background-attachment":"scroll","background-type":"","background-media":"","overlay-type":"","overlay-color":"","overlay-opacity":"","overlay-gradient":""},"mobile":{"background-color":"var(--ast-global-color-4)","background-image":"","background-repeat":"repeat","background-position":"center center","background-size":"auto","background-attachment":"scroll","background-type":"","background-media":"","overlay-type":"","overlay-color":"","overlay-opacity":"","overlay-gradient":""}}},"product_brand":[],"product_cat":[53,17,56,105],"product_tag":[86,90,84,91,85],"class_list":{"0":"post-172","1":"product","2":"type-product","3":"status-publish","4":"has-post-thumbnail","6":"product_cat-alimentation-chat","7":"product_cat-chat","8":"product_cat-friandises-chat","9":"product_cat-produits-phares","10":"product_tag-bien-etre","11":"product_tag-chat","12":"product_tag-friandises-naturelles","13":"product_tag-poisson","14":"product_tag-poulet","15":"desktop-align-left","16":"tablet-align-left","17":"mobile-align-left","19":"first","20":"instock","21":"taxable","22":"shipping-taxable","23":"purchasable","24":"product-type-simple"},"jetpack_sharing_enabled":true,"_links":{"self":[{"href":"https:\/\/anatoleetrosalie.com\/index.php?rest_route=\/wp\/v2\/product\/172","targetHints":{"allow":["GET"]}}],"collection":[{"href":"https:\/\/anatoleetrosalie.com\/index.php?rest_route=\/wp\/v2\/product"}],"about":[{"href":"https:\/\/anatoleetrosalie.com\/index.php?rest_route=\/wp\/v2\/types\/product"}],"replies":[{"embeddable":true,"href":"https:\/\/anatoleetrosalie.com\/index.php?rest_route=%2Fwp%2Fv2%2Fcomments&post=172"}],"wp:featuredmedia":[{"embeddable":true,"href":"https:\/\/anatoleetrosalie.com\/index.php?rest_route=\/wp\/v2\/media\/173"}],"wp:attachment":[{"href":"https:\/\/anatoleetrosalie.com\/index.php?rest_route=%2Fwp%2Fv2%2Fmedia&parent=172"}],"wp:term":[{"taxonomy":"product_brand","embeddable":true,"href":"https:\/\/anatoleetrosalie.com\/index.php?rest_route=%2Fwp%2Fv2%2Fproduct_brand&post=172"},{"taxonomy":"product_cat","embeddable":true,"href":"https:\/\/anatoleetrosalie.com\/index.php?rest_route=%2Fwp%2Fv2%2Fproduct_cat&post=172"},{"taxonomy":"product_tag","embeddable":true,"href":"https:\/\/anatoleetrosalie.com\/index.php?rest_route=%2Fwp%2Fv2%2Fproduct_tag&post=172"}],"curies":[{"name":"wp","href":"https:\/\/api.w.org\/{rel}","templated":true}]}}