{"id":171,"date":"2025-12-04T20:18:31","date_gmt":"2025-12-04T19:18:31","guid":{"rendered":"https:\/\/anatoleetrosalie.com\/?post_type=product&#038;p=171"},"modified":"2025-12-04T20:18:31","modified_gmt":"2025-12-04T19:18:31","slug":"friandises-naturelles-au-boeuf-ou-au-canard-chien","status":"publish","type":"product","link":"https:\/\/anatoleetrosalie.com\/?product=friandises-naturelles-au-boeuf-ou-au-canard-chien","title":{"rendered":"Friandises naturelles au b\u0153uf ou au canard \u2013 Chien"},"content":{"rendered":"<p>Des friandises savoureuses pour faire plaisir \u00e0 votre chien en toute simplicit\u00e9.<\/p>\n<p>Nos friandises naturelles au b\u0153uf ou au canard sont id\u00e9ales pour les chiens gourmands et actifs. Leur texture permet de satisfaire le besoin naturel de mastication tout en apportant un vrai moment de plaisir.<\/p>\n<p>Con\u00e7ues sans colorants ni additifs artificiels, elles s\u2019int\u00e8grent parfaitement dans une alimentation \u00e9quilibr\u00e9e et respectueuse du bien-\u00eatre animal.<\/p>\n","protected":false},"excerpt":{"rendered":"<p>Friandises naturelles au b\u0153uf ou au canard, id\u00e9ales pour les chiens gourmands. Sans additifs artificiels, pour un plaisir sain au quotidien.<\/p>\n","protected":false},"featured_media":0,"comment_status":"open","ping_status":"closed","template":"","meta":{"site-sidebar-layout":"default","site-content-layout":"","ast-site-content-layout":"default","site-content-style":"default","site-sidebar-style":"default","ast-global-header-display":"","ast-banner-title-visibility":"","ast-main-header-display":"","ast-hfb-above-header-display":"","ast-hfb-below-header-display":"","ast-hfb-mobile-header-display":"","site-post-title":"","ast-breadcrumbs-content":"","ast-featured-img":"","footer-sml-layout":"","theme-transparent-header-meta":"default","adv-header-id-meta":"","stick-header-meta":"","header-above-stick-meta":"","header-main-stick-meta":"","header-below-stick-meta":"","astra-migrate-meta-layouts":"set","ast-page-background-enabled":"default","ast-page-background-meta":{"desktop":{"background-color":"var(--ast-global-color-5)","background-image":"","background-repeat":"repeat","background-position":"center center","background-size":"auto","background-attachment":"scroll","background-type":"","background-media":"","overlay-type":"","overlay-color":"","overlay-opacity":"","overlay-gradient":""},"tablet":{"background-color":"","background-image":"","background-repeat":"repeat","background-position":"center center","background-size":"auto","background-attachment":"scroll","background-type":"","background-media":"","overlay-type":"","overlay-color":"","overlay-opacity":"","overlay-gradient":""},"mobile":{"background-color":"","background-image":"","background-repeat":"repeat","background-position":"center center","background-size":"auto","background-attachment":"scroll","background-type":"","background-media":"","overlay-type":"","overlay-color":"","overlay-opacity":"","overlay-gradient":""}},"ast-content-background-meta":{"desktop":{"background-color":"var(--ast-global-color-4)","background-image":"","background-repeat":"repeat","background-position":"center center","background-size":"auto","background-attachment":"scroll","background-type":"","background-media":"","overlay-type":"","overlay-color":"","overlay-opacity":"","overlay-gradient":""},"tablet":{"background-color":"var(--ast-global-color-4)","background-image":"","background-repeat":"repeat","background-position":"center center","background-size":"auto","background-attachment":"scroll","background-type":"","background-media":"","overlay-type":"","overlay-color":"","overlay-opacity":"","overlay-gradient":""},"mobile":{"background-color":"var(--ast-global-color-4)","background-image":"","background-repeat":"repeat","background-position":"center center","background-size":"auto","background-attachment":"scroll","background-type":"","background-media":"","overlay-type":"","overlay-color":"","overlay-opacity":"","overlay-gradient":""}}},"product_brand":[],"product_cat":[23,16,26],"product_tag":[87,88,83,84,89],"class_list":{"0":"post-171","1":"product","2":"type-product","3":"status-publish","5":"product_cat-alimentation-chien","6":"product_cat-chien","7":"product_cat-friandises-chien","8":"product_tag-boeuf","9":"product_tag-canard","10":"product_tag-chien","11":"product_tag-friandises-naturelles","12":"product_tag-mastication","13":"desktop-align-left","14":"tablet-align-left","15":"mobile-align-left","17":"first","18":"instock","19":"taxable","20":"shipping-taxable","21":"purchasable","22":"product-type-simple"},"jetpack_sharing_enabled":true,"_links":{"self":[{"href":"https:\/\/anatoleetrosalie.com\/index.php?rest_route=\/wp\/v2\/product\/171","targetHints":{"allow":["GET"]}}],"collection":[{"href":"https:\/\/anatoleetrosalie.com\/index.php?rest_route=\/wp\/v2\/product"}],"about":[{"href":"https:\/\/anatoleetrosalie.com\/index.php?rest_route=\/wp\/v2\/types\/product"}],"replies":[{"embeddable":true,"href":"https:\/\/anatoleetrosalie.com\/index.php?rest_route=%2Fwp%2Fv2%2Fcomments&post=171"}],"wp:attachment":[{"href":"https:\/\/anatoleetrosalie.com\/index.php?rest_route=%2Fwp%2Fv2%2Fmedia&parent=171"}],"wp:term":[{"taxonomy":"product_brand","embeddable":true,"href":"https:\/\/anatoleetrosalie.com\/index.php?rest_route=%2Fwp%2Fv2%2Fproduct_brand&post=171"},{"taxonomy":"product_cat","embeddable":true,"href":"https:\/\/anatoleetrosalie.com\/index.php?rest_route=%2Fwp%2Fv2%2Fproduct_cat&post=171"},{"taxonomy":"product_tag","embeddable":true,"href":"https:\/\/anatoleetrosalie.com\/index.php?rest_route=%2Fwp%2Fv2%2Fproduct_tag&post=171"}],"curies":[{"name":"wp","href":"https:\/\/api.w.org\/{rel}","templated":true}]}}