{"id":170,"date":"2025-12-04T19:54:20","date_gmt":"2025-12-04T18:54:20","guid":{"rendered":"https:\/\/anatoleetrosalie.com\/?post_type=product&#038;p=170"},"modified":"2025-12-04T19:56:34","modified_gmt":"2025-12-04T18:56:34","slug":"friandises-naturelles-au-poulet-chien","status":"publish","type":"product","link":"https:\/\/anatoleetrosalie.com\/?product=friandises-naturelles-au-poulet-chien","title":{"rendered":"Friandises naturelles au poulet \u2013 Chien"},"content":{"rendered":"<p>Offrez \u00e0 votre chien une friandise simple, saine et gourmande.<\/p>\n<p>Nos friandises naturelles au poulet sont \u00e9labor\u00e9es \u00e0 partir d\u2019ingr\u00e9dients s\u00e9lectionn\u00e9s avec soin. Riches en prot\u00e9ines et faciles \u00e0 dig\u00e9rer, elles sont id\u00e9ales pour les r\u00e9compenses du quotidien ou les moments plaisir.<\/p>\n<p>Sans colorants ni ar\u00f4mes artificiels, elles conviennent parfaitement aux chiens sensibles ou \u00e0 l\u2019estomac d\u00e9licat.<\/p>\n","protected":false},"excerpt":{"rendered":"<p>Friandises naturelles \u00e0 base de poulet, riches en prot\u00e9ines et faciles \u00e0 dig\u00e9rer. Id\u00e9ales pour les chiens adultes et sensibles.<\/p>\n","protected":false},"featured_media":0,"comment_status":"open","ping_status":"closed","template":"","meta":{"site-sidebar-layout":"default","site-content-layout":"","ast-site-content-layout":"default","site-content-style":"default","site-sidebar-style":"default","ast-global-header-display":"","ast-banner-title-visibility":"","ast-main-header-display":"","ast-hfb-above-header-display":"","ast-hfb-below-header-display":"","ast-hfb-mobile-header-display":"","site-post-title":"","ast-breadcrumbs-content":"","ast-featured-img":"","footer-sml-layout":"","theme-transparent-header-meta":"default","adv-header-id-meta":"","stick-header-meta":"","header-above-stick-meta":"","header-main-stick-meta":"","header-below-stick-meta":"","astra-migrate-meta-layouts":"set","ast-page-background-enabled":"default","ast-page-background-meta":{"desktop":{"background-color":"var(--ast-global-color-5)","background-image":"","background-repeat":"repeat","background-position":"center center","background-size":"auto","background-attachment":"scroll","background-type":"","background-media":"","overlay-type":"","overlay-color":"","overlay-opacity":"","overlay-gradient":""},"tablet":{"background-color":"","background-image":"","background-repeat":"repeat","background-position":"center center","background-size":"auto","background-attachment":"scroll","background-type":"","background-media":"","overlay-type":"","overlay-color":"","overlay-opacity":"","overlay-gradient":""},"mobile":{"background-color":"","background-image":"","background-repeat":"repeat","background-position":"center center","background-size":"auto","background-attachment":"scroll","background-type":"","background-media":"","overlay-type":"","overlay-color":"","overlay-opacity":"","overlay-gradient":""}},"ast-content-background-meta":{"desktop":{"background-color":"var(--ast-global-color-4)","background-image":"","background-repeat":"repeat","background-position":"center center","background-size":"auto","background-attachment":"scroll","background-type":"","background-media":"","overlay-type":"","overlay-color":"","overlay-opacity":"","overlay-gradient":""},"tablet":{"background-color":"var(--ast-global-color-4)","background-image":"","background-repeat":"repeat","background-position":"center center","background-size":"auto","background-attachment":"scroll","background-type":"","background-media":"","overlay-type":"","overlay-color":"","overlay-opacity":"","overlay-gradient":""},"mobile":{"background-color":"var(--ast-global-color-4)","background-image":"","background-repeat":"repeat","background-position":"center center","background-size":"auto","background-attachment":"scroll","background-type":"","background-media":"","overlay-type":"","overlay-color":"","overlay-opacity":"","overlay-gradient":""}}},"product_brand":[],"product_cat":[23,16,26],"product_tag":[86,83,84,85],"class_list":{"0":"post-170","1":"product","2":"type-product","3":"status-publish","5":"product_cat-alimentation-chien","6":"product_cat-chien","7":"product_cat-friandises-chien","8":"product_tag-bien-etre","9":"product_tag-chien","10":"product_tag-friandises-naturelles","11":"product_tag-poulet","12":"desktop-align-left","13":"tablet-align-left","14":"mobile-align-left","16":"first","17":"instock","18":"taxable","19":"shipping-taxable","20":"purchasable","21":"product-type-simple"},"jetpack_sharing_enabled":true,"_links":{"self":[{"href":"https:\/\/anatoleetrosalie.com\/index.php?rest_route=\/wp\/v2\/product\/170","targetHints":{"allow":["GET"]}}],"collection":[{"href":"https:\/\/anatoleetrosalie.com\/index.php?rest_route=\/wp\/v2\/product"}],"about":[{"href":"https:\/\/anatoleetrosalie.com\/index.php?rest_route=\/wp\/v2\/types\/product"}],"replies":[{"embeddable":true,"href":"https:\/\/anatoleetrosalie.com\/index.php?rest_route=%2Fwp%2Fv2%2Fcomments&post=170"}],"wp:attachment":[{"href":"https:\/\/anatoleetrosalie.com\/index.php?rest_route=%2Fwp%2Fv2%2Fmedia&parent=170"}],"wp:term":[{"taxonomy":"product_brand","embeddable":true,"href":"https:\/\/anatoleetrosalie.com\/index.php?rest_route=%2Fwp%2Fv2%2Fproduct_brand&post=170"},{"taxonomy":"product_cat","embeddable":true,"href":"https:\/\/anatoleetrosalie.com\/index.php?rest_route=%2Fwp%2Fv2%2Fproduct_cat&post=170"},{"taxonomy":"product_tag","embeddable":true,"href":"https:\/\/anatoleetrosalie.com\/index.php?rest_route=%2Fwp%2Fv2%2Fproduct_tag&post=170"}],"curies":[{"name":"wp","href":"https:\/\/api.w.org\/{rel}","templated":true}]}}